{"id":33,"date":"2020-01-20T12:08:01","date_gmt":"2020-01-20T11:08:01","guid":{"rendered":"https:\/\/ng.fluffysoft.at\/?page_id=33"},"modified":"2021-02-04T23:46:21","modified_gmt":"2021-02-04T22:46:21","slug":"ueber-uns","status":"publish","type":"page","link":"https:\/\/www.fluffysoft.at\/de\/ueber-uns\/","title":{"rendered":"\u00dcber uns"},"content":{"rendered":"\t\t<div data-elementor-type=\"wp-page\" data-elementor-id=\"33\" class=\"elementor elementor-33\" data-elementor-post-type=\"page\">\n\t\t\t\t\t\t<section class=\"elementor-section elementor-top-section elementor-element elementor-element-a112a81 elementor-section-stretched elementor-section-height-min-height elementor-section-boxed elementor-section-height-default elementor-section-items-middle elementor-invisible\" data-id=\"a112a81\" data-element_type=\"section\" data-e-type=\"section\" data-settings=\"{&quot;stretch_section&quot;:&quot;section-stretched&quot;,&quot;background_background&quot;:&quot;classic&quot;,&quot;shape_divider_bottom&quot;:&quot;wave-brush&quot;,&quot;animation&quot;:&quot;fadeIn&quot;,&quot;animation_delay&quot;:10}\">\n\t\t\t\t\t\t\t<div class=\"elementor-background-overlay\"><\/div>\n\t\t\t\t\t\t<div class=\"elementor-shape elementor-shape-bottom\" aria-hidden=\"true\" data-negative=\"false\">\n\t\t\t<svg xmlns=\"http:\/\/www.w3.org\/2000\/svg\" viewBox=\"0 0 283.5 27.8\" preserveAspectRatio=\"none\">\n\t<path class=\"elementor-shape-fill\" d=\"M283.5,9.7c0,0-7.3,4.3-14,4.6c-6.8,0.3-12.6,0-20.9-1.5c-11.3-2-33.1-10.1-44.7-5.7\ts-12.1,4.6-18,7.4c-6.6,3.2-20,9.6-36.6,9.3C131.6,23.5,99.5,7.2,86.3,8c-1.4,0.1-6.6,0.8-10.5,2c-3.8,1.2-9.4,3.8-17,4.7\tc-3.2,0.4-8.3,1.1-14.2,0.9c-1.5-0.1-6.3-0.4-12-1.6c-5.7-1.2-11-3.1-15.8-3.7C6.5,9.2,0,10.8,0,10.8V0h283.5V9.7z M260.8,11.3\tc-0.7-1-2-0.4-4.3-0.4c-2.3,0-6.1-1.2-5.8-1.1c0.3,0.1,3.1,1.5,6,1.9C259.7,12.2,261.4,12.3,260.8,11.3z M242.4,8.6\tc0,0-2.4-0.2-5.6-0.9c-3.2-0.8-10.3-2.8-15.1-3.5c-8.2-1.1-15.8,0-15.1,0.1c0.8,0.1,9.6-0.6,17.6,1.1c3.3,0.7,9.3,2.2,12.4,2.7\tC239.9,8.7,242.4,8.6,242.4,8.6z M185.2,8.5c1.7-0.7-13.3,4.7-18.5,6.1c-2.1,0.6-6.2,1.6-10,2c-3.9,0.4-8.9,0.4-8.8,0.5\tc0,0.2,5.8,0.8,11.2,0c5.4-0.8,5.2-1.1,7.6-1.6C170.5,14.7,183.5,9.2,185.2,8.5z M199.1,6.9c0.2,0-0.8-0.4-4.8,1.1\tc-4,1.5-6.7,3.5-6.9,3.7c-0.2,0.1,3.5-1.8,6.6-3C197,7.5,199,6.9,199.1,6.9z M283,6c-0.1,0.1-1.9,1.1-4.8,2.5s-6.9,2.8-6.7,2.7\tc0.2,0,3.5-0.6,7.4-2.5C282.8,6.8,283.1,5.9,283,6z M31.3,11.6c0.1-0.2-1.9-0.2-4.5-1.2s-5.4-1.6-7.8-2C15,7.6,7.3,8.5,7.7,8.6\tC8,8.7,15.9,8.3,20.2,9.3c2.2,0.5,2.4,0.5,5.7,1.6S31.2,11.9,31.3,11.6z M73,9.2c0.4-0.1,3.5-1.6,8.4-2.6c4.9-1.1,8.9-0.5,8.9-0.8\tc0-0.3-1-0.9-6.2-0.3S72.6,9.3,73,9.2z M71.6,6.7C71.8,6.8,75,5.4,77.3,5c2.3-0.3,1.9-0.5,1.9-0.6c0-0.1-1.1-0.2-2.7,0.2\tC74.8,5.1,71.4,6.6,71.6,6.7z M93.6,4.4c0.1,0.2,3.5,0.8,5.6,1.8c2.1,1,1.8,0.6,1.9,0.5c0.1-0.1-0.8-0.8-2.4-1.3\tC97.1,4.8,93.5,4.2,93.6,4.4z M65.4,11.1c-0.1,0.3,0.3,0.5,1.9-0.2s2.6-1.3,2.2-1.2s-0.9,0.4-2.5,0.8C65.3,10.9,65.5,10.8,65.4,11.1\tz M34.5,12.4c-0.2,0,2.1,0.8,3.3,0.9c1.2,0.1,2,0.1,2-0.2c0-0.3-0.1-0.5-1.6-0.4C36.6,12.8,34.7,12.4,34.5,12.4z M152.2,21.1\tc-0.1,0.1-2.4-0.3-7.5-0.3c-5,0-13.6-2.4-17.2-3.5c-3.6-1.1,10,3.9,16.5,4.1C150.5,21.6,152.3,21,152.2,21.1z\"\/>\n\t<path class=\"elementor-shape-fill\" d=\"M269.6,18c-0.1-0.1-4.6,0.3-7.2,0c-7.3-0.7-17-3.2-16.6-2.9c0.4,0.3,13.7,3.1,17,3.3\tC267.7,18.8,269.7,18,269.6,18z\"\/>\n\t<path class=\"elementor-shape-fill\" d=\"M227.4,9.8c-0.2-0.1-4.5-1-9.5-1.2c-5-0.2-12.7,0.6-12.3,0.5c0.3-0.1,5.9-1.8,13.3-1.2\tS227.6,9.9,227.4,9.8z\"\/>\n\t<path class=\"elementor-shape-fill\" d=\"M204.5,13.4c-0.1-0.1,2-1,3.2-1.1c1.2-0.1,2,0,2,0.3c0,0.3-0.1,0.5-1.6,0.4\tC206.4,12.9,204.6,13.5,204.5,13.4z\"\/>\n\t<path class=\"elementor-shape-fill\" d=\"M201,10.6c0-0.1-4.4,1.2-6.3,2.2c-1.9,0.9-6.2,3.1-6.1,3.1c0.1,0.1,4.2-1.6,6.3-2.6\tS201,10.7,201,10.6z\"\/>\n\t<path class=\"elementor-shape-fill\" d=\"M154.5,26.7c-0.1-0.1-4.6,0.3-7.2,0c-7.3-0.7-17-3.2-16.6-2.9c0.4,0.3,13.7,3.1,17,3.3\tC152.6,27.5,154.6,26.8,154.5,26.7z\"\/>\n\t<path class=\"elementor-shape-fill\" d=\"M41.9,19.3c0,0,1.2-0.3,2.9-0.1c1.7,0.2,5.8,0.9,8.2,0.7c4.2-0.4,7.4-2.7,7-2.6\tc-0.4,0-4.3,2.2-8.6,1.9c-1.8-0.1-5.1-0.5-6.7-0.4S41.9,19.3,41.9,19.3z\"\/>\n\t<path class=\"elementor-shape-fill\" d=\"M75.5,12.6c0.2,0.1,2-0.8,4.3-1.1c2.3-0.2,2.1-0.3,2.1-0.5c0-0.1-1.8-0.4-3.4,0\tC76.9,11.5,75.3,12.5,75.5,12.6z\"\/>\n\t<path class=\"elementor-shape-fill\" d=\"M15.6,13.2c0-0.1,4.3,0,6.7,0.5c2.4,0.5,5,1.9,5,2c0,0.1-2.7-0.8-5.1-1.4\tC19.9,13.7,15.7,13.3,15.6,13.2z\"\/>\n<\/svg>\t\t<\/div>\n\t\t\t\t\t<div class=\"elementor-container elementor-column-gap-default\">\n\t\t\t\t\t<div class=\"elementor-column elementor-col-100 elementor-top-column elementor-element elementor-element-59d8973\" data-id=\"59d8973\" data-element_type=\"column\" data-e-type=\"column\">\n\t\t\t<div class=\"elementor-widget-wrap elementor-element-populated\">\n\t\t\t\t\t\t<div class=\"elementor-element elementor-element-c75d367 elementor-headline--style-rotate animated-slow elementor-widget elementor-widget-animated-headline\" data-id=\"c75d367\" data-element_type=\"widget\" data-e-type=\"widget\" data-settings=\"{&quot;headline_style&quot;:&quot;rotate&quot;,&quot;animation_type&quot;:&quot;blinds&quot;,&quot;rotating_text&quot;:&quot;\\u00dcber uns&quot;,&quot;_animation&quot;:&quot;none&quot;,&quot;_animation_delay&quot;:0,&quot;loop&quot;:&quot;yes&quot;,&quot;rotate_iteration_delay&quot;:2500}\" data-no-translation=\"\" data-widget_type=\"animated-headline.default\">\n\t\t\t\t<div class=\"elementor-widget-container\">\n\t\t\t\t\t\t\t<h1 class=\"elementor-headline elementor-headline-animation-type-blinds elementor-headline-letters\">\n\t\t\t\t<span class=\"elementor-headline-dynamic-wrapper elementor-headline-text-wrapper\">\n\t\t\t\t\t<span class=\"elementor-headline-dynamic-text elementor-headline-text-active\">\n\t\t\t\t\u00dcber&nbsp;uns\t\t\t<\/span>\n\t\t\t\t\t\t<\/span>\n\t\t\t\t<\/h1>\n\t\t\t\t\t\t<\/div>\n\t\t\t\t<\/div>\n\t\t\t\t<div class=\"elementor-element elementor-element-ec088e1 elementor-headline--style-rotate animated-slow elementor-widget elementor-widget-animated-headline\" data-id=\"ec088e1\" data-element_type=\"widget\" data-e-type=\"widget\" data-settings=\"{&quot;headline_style&quot;:&quot;rotate&quot;,&quot;animation_type&quot;:&quot;blinds&quot;,&quot;rotating_text&quot;:&quot;About us&quot;,&quot;_animation&quot;:&quot;none&quot;,&quot;_animation_delay&quot;:0,&quot;loop&quot;:&quot;yes&quot;,&quot;rotate_iteration_delay&quot;:2500}\" data-no-translation=\"\" data-widget_type=\"animated-headline.default\">\n\t\t\t\t<div class=\"elementor-widget-container\">\n\t\t\t\t\t<style>.elementor-element-ec088e1{display:none !important}<\/style>\t\t\t\t<\/div>\n\t\t\t\t<\/div>\n\t\t\t\t\t<\/div>\n\t\t<\/div>\n\t\t\t\t\t<\/div>\n\t\t<\/section>\n\t\t\t\t<section class=\"elementor-section elementor-top-section elementor-element elementor-element-85a71ef elementor-section-boxed elementor-section-height-default elementor-section-height-default elementor-invisible\" data-id=\"85a71ef\" data-element_type=\"section\" data-e-type=\"section\" data-settings=\"{&quot;animation&quot;:&quot;fadeInUp&quot;,&quot;animation_delay&quot;:50}\">\n\t\t\t\t\t\t<div class=\"elementor-container elementor-column-gap-wide\">\n\t\t\t\t\t<div class=\"elementor-column elementor-col-100 elementor-top-column elementor-element elementor-element-1f36a0b\" data-id=\"1f36a0b\" data-element_type=\"column\" data-e-type=\"column\">\n\t\t\t<div class=\"elementor-widget-wrap elementor-element-populated\">\n\t\t\t\t\t\t<div class=\"elementor-element elementor-element-177784d elementor-widget elementor-widget-text-editor\" data-id=\"177784d\" data-element_type=\"widget\" data-e-type=\"widget\" data-widget_type=\"text-editor.default\">\n\t\t\t\t<div class=\"elementor-widget-container\">\n\t\t\t\t\t\t\t\t\t<p>Wir sind ein junges, innovatives Unternehmen und haben Spa\u00df daran, neue Technologien zu erforschen und diese fit f\u00fcr den produktiven Einsatz zu machen. Davon profitieren unsere Kunden. Im Laufe der Zeit haben wir ein besonderes Gesp\u00fcr entwickelt, welche Methoden zukunftsf\u00e4hig sind und auf welche man besser nicht bauen sollte.<\/p>\t\t\t\t\t\t\t\t<\/div>\n\t\t\t\t<\/div>\n\t\t\t\t\t<\/div>\n\t\t<\/div>\n\t\t\t\t\t<\/div>\n\t\t<\/section>\n\t\t\t\t<section class=\"elementor-section elementor-top-section elementor-element elementor-element-d516a92 elementor-section-boxed elementor-section-height-default elementor-section-height-default\" data-id=\"d516a92\" data-element_type=\"section\" data-e-type=\"section\">\n\t\t\t\t\t\t<div class=\"elementor-container elementor-column-gap-wide\">\n\t\t\t\t\t<div class=\"elementor-column elementor-col-33 elementor-top-column elementor-element elementor-element-51b4952 elementor-invisible\" data-id=\"51b4952\" data-element_type=\"column\" data-e-type=\"column\" data-settings=\"{&quot;animation&quot;:&quot;fadeInLeft&quot;,&quot;animation_delay&quot;:50}\">\n\t\t\t<div class=\"elementor-widget-wrap elementor-element-populated\">\n\t\t\t\t\t\t<div class=\"elementor-element elementor-element-39ef736 elementor-widget elementor-widget-image\" data-id=\"39ef736\" data-element_type=\"widget\" data-e-type=\"widget\" data-widget_type=\"image.default\">\n\t\t\t\t<div class=\"elementor-widget-container\">\n\t\t\t\t\t\t\t\t\t\t\t\t\t\t\t<img fetchpriority=\"high\" decoding=\"async\" width=\"768\" height=\"510\" src=\"https:\/\/www.fluffysoft.at\/wp-content\/uploads\/2020\/01\/code1-e1579533981147.jpeg\" class=\"attachment-full size-full wp-image-150\" alt=\"\" \/>\t\t\t\t\t\t\t\t\t\t\t\t\t\t\t<\/div>\n\t\t\t\t<\/div>\n\t\t\t\t<div class=\"elementor-element elementor-element-7756f3b elementor-widget elementor-widget-heading\" data-id=\"7756f3b\" data-element_type=\"widget\" data-e-type=\"widget\" data-widget_type=\"heading.default\">\n\t\t\t\t<div class=\"elementor-widget-container\">\n\t\t\t\t\t<h2 class=\"elementor-heading-title elementor-size-default\">Expertise<\/h2>\t\t\t\t<\/div>\n\t\t\t\t<\/div>\n\t\t\t\t<div class=\"elementor-element elementor-element-61e5d2d elementor-widget elementor-widget-text-editor\" data-id=\"61e5d2d\" data-element_type=\"widget\" data-e-type=\"widget\" data-widget_type=\"text-editor.default\">\n\t\t\t\t<div class=\"elementor-widget-container\">\n\t\t\t\t\t\t\t\t\t<p>Durch jahrelange Erfahrung wissen wir moderne Technologie so einzusetzen, dass unsere Kunden davon am meisten profitieren. Unsere Arbeit wirkt nicht nur auf den ersten, sondern auch auf den zweiten Blick hochprofessionell.<\/p>\t\t\t\t\t\t\t\t<\/div>\n\t\t\t\t<\/div>\n\t\t\t\t\t<\/div>\n\t\t<\/div>\n\t\t\t\t<div class=\"elementor-column elementor-col-33 elementor-top-column elementor-element elementor-element-3b451f7 elementor-invisible\" data-id=\"3b451f7\" data-element_type=\"column\" data-e-type=\"column\" data-settings=\"{&quot;animation&quot;:&quot;fadeInUp&quot;,&quot;animation_delay&quot;:50}\">\n\t\t\t<div class=\"elementor-widget-wrap elementor-element-populated\">\n\t\t\t\t\t\t<div class=\"elementor-element elementor-element-691c697 elementor-widget elementor-widget-image\" data-id=\"691c697\" data-element_type=\"widget\" data-e-type=\"widget\" data-widget_type=\"image.default\">\n\t\t\t\t<div class=\"elementor-widget-container\">\n\t\t\t\t\t\t\t\t\t\t\t\t\t\t\t<img decoding=\"async\" width=\"768\" height=\"510\" src=\"https:\/\/www.fluffysoft.at\/wp-content\/uploads\/2020\/01\/unternehmen-e1579534066891.jpeg\" class=\"attachment-full size-full wp-image-151\" alt=\"\" \/>\t\t\t\t\t\t\t\t\t\t\t\t\t\t\t<\/div>\n\t\t\t\t<\/div>\n\t\t\t\t<div class=\"elementor-element elementor-element-004f9cd elementor-widget elementor-widget-heading\" data-id=\"004f9cd\" data-element_type=\"widget\" data-e-type=\"widget\" data-widget_type=\"heading.default\">\n\t\t\t\t<div class=\"elementor-widget-container\">\n\t\t\t\t\t<h2 class=\"elementor-heading-title elementor-size-default\">Image<\/h2>\t\t\t\t<\/div>\n\t\t\t\t<\/div>\n\t\t\t\t<div class=\"elementor-element elementor-element-bd0fb8c elementor-widget elementor-widget-text-editor\" data-id=\"bd0fb8c\" data-element_type=\"widget\" data-e-type=\"widget\" data-widget_type=\"text-editor.default\">\n\t\t\t\t<div class=\"elementor-widget-container\">\n\t\t\t\t\t\t\t\t\t<p>Ein professioneller Auftritt im Web ist\u00a0essentiell f\u00fcr ein Unternehmen. Wir unterst\u00fctzen Sie dabei, im Web gefunden zu werden und positiv aufzufallen. Es ist bekanntlich der erste Eindruck, der z\u00e4hlt. Umso wichtiger ist, dass dieser professionell ausf\u00e4llt.<\/p>\t\t\t\t\t\t\t\t<\/div>\n\t\t\t\t<\/div>\n\t\t\t\t\t<\/div>\n\t\t<\/div>\n\t\t\t\t<div class=\"elementor-column elementor-col-33 elementor-top-column elementor-element elementor-element-b5586fb elementor-invisible\" data-id=\"b5586fb\" data-element_type=\"column\" data-e-type=\"column\" data-settings=\"{&quot;animation&quot;:&quot;fadeInRight&quot;,&quot;animation_delay&quot;:50}\">\n\t\t\t<div class=\"elementor-widget-wrap elementor-element-populated\">\n\t\t\t\t\t\t<div class=\"elementor-element elementor-element-d1a225c elementor-widget elementor-widget-image\" data-id=\"d1a225c\" data-element_type=\"widget\" data-e-type=\"widget\" data-widget_type=\"image.default\">\n\t\t\t\t<div class=\"elementor-widget-container\">\n\t\t\t\t\t\t\t\t\t\t\t\t\t\t\t<img decoding=\"async\" width=\"768\" height=\"510\" src=\"https:\/\/www.fluffysoft.at\/wp-content\/uploads\/2020\/01\/server1-e1579533957682.jpeg\" class=\"attachment-full size-full wp-image-152\" alt=\"\" \/>\t\t\t\t\t\t\t\t\t\t\t\t\t\t\t<\/div>\n\t\t\t\t<\/div>\n\t\t\t\t<div class=\"elementor-element elementor-element-259e801 elementor-widget elementor-widget-heading\" data-id=\"259e801\" data-element_type=\"widget\" data-e-type=\"widget\" data-widget_type=\"heading.default\">\n\t\t\t\t<div class=\"elementor-widget-container\">\n\t\t\t\t\t<h2 class=\"elementor-heading-title elementor-size-default\">Sicherheit<\/h2>\t\t\t\t<\/div>\n\t\t\t\t<\/div>\n\t\t\t\t<div class=\"elementor-element elementor-element-1dec016 elementor-widget elementor-widget-text-editor\" data-id=\"1dec016\" data-element_type=\"widget\" data-e-type=\"widget\" data-widget_type=\"text-editor.default\">\n\t\t\t\t<div class=\"elementor-widget-container\">\n\t\t\t\t\t\t\t\t\t<p>Niemand will, dass unternehmenskritische Daten in falsche H\u00e4nde geraten. Deshalb liegt unser zentrales Hauptaugenmerk auf Sicherheit. Wir bauen unsere Services selbstverst\u00e4ndlich unter diesen Gesichtspunkten auf und k\u00f6nnen Sie zudem dabei unterst\u00fctzen, Sicherheits-Fauxpas zu vermeiden.<\/p>\t\t\t\t\t\t\t\t<\/div>\n\t\t\t\t<\/div>\n\t\t\t\t\t<\/div>\n\t\t<\/div>\n\t\t\t\t\t<\/div>\n\t\t<\/section>\n\t\t\t\t<\/div>\n\t\t","protected":false},"excerpt":{"rendered":"<p>Wir sind ein junges, innovatives Unternehmen und haben Spa\u00df daran, neue Technologien zu erforschen und diese fit f\u00fcr den produktiven Einsatz zu machen. Davon profitieren unsere Kunden. Im Laufe der Zeit haben wir ein besonderes Gesp\u00fcr entwickelt, welche Methoden zukunftsf\u00e4hig sind und auf welche man besser nicht bauen sollte. Expertise Durch jahrelange Erfahrung wissen wir [&hellip;]<\/p>\n","protected":false},"author":1,"featured_media":71,"parent":0,"menu_order":0,"comment_status":"closed","ping_status":"closed","template":"elementor_header_footer","meta":{"inline_featured_image":false,"footnotes":""},"class_list":["post-33","page","type-page","status-publish","has-post-thumbnail","hentry"],"yoast_head":"<!-- This site is optimized with the Yoast SEO plugin v27.3 - https:\/\/yoast.com\/product\/yoast-seo-wordpress\/ -->\n<title>\u00dcber uns - fluffysoft<\/title>\n<meta name=\"description\" content=\"Wir forschen an neuen, innovativen Technologien und machen diese fit f\u00fcr den produktiven Einsatz. Davon profitieren unsere Kunden.\" \/>\n<meta name=\"robots\" content=\"index, follow, max-snippet:-1, max-image-preview:large, max-video-preview:-1\" \/>\n<link rel=\"canonical\" href=\"https:\/\/www.fluffysoft.at\/de\/ueber-uns\/\" \/>\n<meta property=\"og:locale\" content=\"de_DE\" \/>\n<meta property=\"og:type\" content=\"article\" \/>\n<meta property=\"og:title\" content=\"\u00dcber uns - fluffysoft\" \/>\n<meta property=\"og:description\" content=\"Wir forschen an neuen, innovativen Technologien und machen diese fit f\u00fcr den produktiven Einsatz. Davon profitieren unsere Kunden.\" \/>\n<meta property=\"og:url\" content=\"https:\/\/www.fluffysoft.at\/de\/ueber-uns\/\" \/>\n<meta property=\"og:site_name\" content=\"fluffysoft\" \/>\n<meta property=\"article:publisher\" content=\"https:\/\/www.facebook.com\/\" \/>\n<meta property=\"article:modified_time\" content=\"2021-02-04T22:46:21+00:00\" \/>\n<meta property=\"og:image\" content=\"https:\/\/www.fluffysoft.at\/wp-content\/uploads\/2020\/01\/notebook.jpg\" \/>\n\t<meta property=\"og:image:width\" content=\"1920\" \/>\n\t<meta property=\"og:image:height\" content=\"1280\" \/>\n\t<meta property=\"og:image:type\" content=\"image\/jpeg\" \/>\n<meta name=\"twitter:card\" content=\"summary_large_image\" \/>\n<meta name=\"twitter:label1\" content=\"Gesch\u00e4tzte Lesezeit\" \/>\n\t<meta name=\"twitter:data1\" content=\"2 Minuten\" \/>\n<script type=\"application\/ld+json\" class=\"yoast-schema-graph\">{\"@context\":\"https:\\\/\\\/schema.org\",\"@graph\":[{\"@type\":\"WebPage\",\"@id\":\"https:\\\/\\\/www.fluffysoft.at\\\/de\\\/ueber-uns\\\/\",\"url\":\"https:\\\/\\\/www.fluffysoft.at\\\/de\\\/ueber-uns\\\/\",\"name\":\"\u00dcber uns - fluffysoft\",\"isPartOf\":{\"@id\":\"https:\\\/\\\/www.fluffysoft.at\\\/de\\\/#website\"},\"primaryImageOfPage\":{\"@id\":\"https:\\\/\\\/www.fluffysoft.at\\\/de\\\/ueber-uns\\\/#primaryimage\"},\"image\":{\"@id\":\"https:\\\/\\\/www.fluffysoft.at\\\/de\\\/ueber-uns\\\/#primaryimage\"},\"thumbnailUrl\":\"https:\\\/\\\/www.fluffysoft.at\\\/wp-content\\\/uploads\\\/2020\\\/01\\\/notebook.jpg\",\"datePublished\":\"2020-01-20T11:08:01+00:00\",\"dateModified\":\"2021-02-04T22:46:21+00:00\",\"description\":\"Wir forschen an neuen, innovativen Technologien und machen diese fit f\u00fcr den produktiven Einsatz. Davon profitieren unsere Kunden.\",\"breadcrumb\":{\"@id\":\"https:\\\/\\\/www.fluffysoft.at\\\/de\\\/ueber-uns\\\/#breadcrumb\"},\"inLanguage\":\"de-AT\",\"potentialAction\":[{\"@type\":\"ReadAction\",\"target\":[\"https:\\\/\\\/www.fluffysoft.at\\\/de\\\/ueber-uns\\\/\"]}]},{\"@type\":\"ImageObject\",\"inLanguage\":\"de-AT\",\"@id\":\"https:\\\/\\\/www.fluffysoft.at\\\/de\\\/ueber-uns\\\/#primaryimage\",\"url\":\"https:\\\/\\\/www.fluffysoft.at\\\/wp-content\\\/uploads\\\/2020\\\/01\\\/notebook.jpg\",\"contentUrl\":\"https:\\\/\\\/www.fluffysoft.at\\\/wp-content\\\/uploads\\\/2020\\\/01\\\/notebook.jpg\",\"width\":1920,\"height\":1280},{\"@type\":\"BreadcrumbList\",\"@id\":\"https:\\\/\\\/www.fluffysoft.at\\\/de\\\/ueber-uns\\\/#breadcrumb\",\"itemListElement\":[{\"@type\":\"ListItem\",\"position\":1,\"name\":\"Home\",\"item\":\"https:\\\/\\\/www.fluffysoft.at\\\/de\\\/\"},{\"@type\":\"ListItem\",\"position\":2,\"name\":\"\u00dcber uns\"}]},{\"@type\":\"WebSite\",\"@id\":\"https:\\\/\\\/www.fluffysoft.at\\\/de\\\/#website\",\"url\":\"https:\\\/\\\/www.fluffysoft.at\\\/de\\\/\",\"name\":\"fluffysoft\",\"description\":\"\",\"publisher\":{\"@id\":\"https:\\\/\\\/www.fluffysoft.at\\\/de\\\/#organization\"},\"potentialAction\":[{\"@type\":\"SearchAction\",\"target\":{\"@type\":\"EntryPoint\",\"urlTemplate\":\"https:\\\/\\\/www.fluffysoft.at\\\/de\\\/?s={search_term_string}\"},\"query-input\":{\"@type\":\"PropertyValueSpecification\",\"valueRequired\":true,\"valueName\":\"search_term_string\"}}],\"inLanguage\":\"de-AT\"},{\"@type\":\"Organization\",\"@id\":\"https:\\\/\\\/www.fluffysoft.at\\\/de\\\/#organization\",\"name\":\"fluffysoft\",\"url\":\"https:\\\/\\\/www.fluffysoft.at\\\/de\\\/\",\"logo\":{\"@type\":\"ImageObject\",\"inLanguage\":\"de-AT\",\"@id\":\"https:\\\/\\\/www.fluffysoft.at\\\/de\\\/#\\\/schema\\\/logo\\\/image\\\/\",\"url\":\"https:\\\/\\\/www.fluffysoft.at\\\/wp-content\\\/uploads\\\/2020\\\/01\\\/fluffysoft-web-logo.png\",\"contentUrl\":\"https:\\\/\\\/www.fluffysoft.at\\\/wp-content\\\/uploads\\\/2020\\\/01\\\/fluffysoft-web-logo.png\",\"width\":235,\"height\":90,\"caption\":\"fluffysoft\"},\"image\":{\"@id\":\"https:\\\/\\\/www.fluffysoft.at\\\/de\\\/#\\\/schema\\\/logo\\\/image\\\/\"},\"sameAs\":[\"https:\\\/\\\/www.facebook.com\\\/\",\"https:\\\/\\\/www.linkedin.com\\\/company\\\/fluffysoft\\\/\"]}]}<\/script>\n<!-- \/ Yoast SEO plugin. -->","yoast_head_json":{"title":"\u00dcber uns - fluffysoft","description":"Wir forschen an neuen, innovativen Technologien und machen diese fit f\u00fcr den produktiven Einsatz. Davon profitieren unsere Kunden.","robots":{"index":"index","follow":"follow","max-snippet":"max-snippet:-1","max-image-preview":"max-image-preview:large","max-video-preview":"max-video-preview:-1"},"canonical":"https:\/\/www.fluffysoft.at\/de\/ueber-uns\/","og_locale":"de_DE","og_type":"article","og_title":"\u00dcber uns - fluffysoft","og_description":"Wir forschen an neuen, innovativen Technologien und machen diese fit f\u00fcr den produktiven Einsatz. Davon profitieren unsere Kunden.","og_url":"https:\/\/www.fluffysoft.at\/de\/ueber-uns\/","og_site_name":"fluffysoft","article_publisher":"https:\/\/www.facebook.com\/","article_modified_time":"2021-02-04T22:46:21+00:00","og_image":[{"width":1920,"height":1280,"url":"https:\/\/www.fluffysoft.at\/wp-content\/uploads\/2020\/01\/notebook.jpg","type":"image\/jpeg"}],"twitter_card":"summary_large_image","twitter_misc":{"Gesch\u00e4tzte Lesezeit":"2 Minuten"},"schema":{"@context":"https:\/\/schema.org","@graph":[{"@type":"WebPage","@id":"https:\/\/www.fluffysoft.at\/de\/ueber-uns\/","url":"https:\/\/www.fluffysoft.at\/de\/ueber-uns\/","name":"\u00dcber uns - fluffysoft","isPartOf":{"@id":"https:\/\/www.fluffysoft.at\/de\/#website"},"primaryImageOfPage":{"@id":"https:\/\/www.fluffysoft.at\/de\/ueber-uns\/#primaryimage"},"image":{"@id":"https:\/\/www.fluffysoft.at\/de\/ueber-uns\/#primaryimage"},"thumbnailUrl":"https:\/\/www.fluffysoft.at\/wp-content\/uploads\/2020\/01\/notebook.jpg","datePublished":"2020-01-20T11:08:01+00:00","dateModified":"2021-02-04T22:46:21+00:00","description":"Wir forschen an neuen, innovativen Technologien und machen diese fit f\u00fcr den produktiven Einsatz. Davon profitieren unsere Kunden.","breadcrumb":{"@id":"https:\/\/www.fluffysoft.at\/de\/ueber-uns\/#breadcrumb"},"inLanguage":"de-AT","potentialAction":[{"@type":"ReadAction","target":["https:\/\/www.fluffysoft.at\/de\/ueber-uns\/"]}]},{"@type":"ImageObject","inLanguage":"de-AT","@id":"https:\/\/www.fluffysoft.at\/de\/ueber-uns\/#primaryimage","url":"https:\/\/www.fluffysoft.at\/wp-content\/uploads\/2020\/01\/notebook.jpg","contentUrl":"https:\/\/www.fluffysoft.at\/wp-content\/uploads\/2020\/01\/notebook.jpg","width":1920,"height":1280},{"@type":"BreadcrumbList","@id":"https:\/\/www.fluffysoft.at\/de\/ueber-uns\/#breadcrumb","itemListElement":[{"@type":"ListItem","position":1,"name":"Home","item":"https:\/\/www.fluffysoft.at\/de\/"},{"@type":"ListItem","position":2,"name":"\u00dcber uns"}]},{"@type":"WebSite","@id":"https:\/\/www.fluffysoft.at\/de\/#website","url":"https:\/\/www.fluffysoft.at\/de\/","name":"fluffysoft","description":"","publisher":{"@id":"https:\/\/www.fluffysoft.at\/de\/#organization"},"potentialAction":[{"@type":"SearchAction","target":{"@type":"EntryPoint","urlTemplate":"https:\/\/www.fluffysoft.at\/de\/?s={search_term_string}"},"query-input":{"@type":"PropertyValueSpecification","valueRequired":true,"valueName":"search_term_string"}}],"inLanguage":"de-AT"},{"@type":"Organization","@id":"https:\/\/www.fluffysoft.at\/de\/#organization","name":"fluffysoft","url":"https:\/\/www.fluffysoft.at\/de\/","logo":{"@type":"ImageObject","inLanguage":"de-AT","@id":"https:\/\/www.fluffysoft.at\/de\/#\/schema\/logo\/image\/","url":"https:\/\/www.fluffysoft.at\/wp-content\/uploads\/2020\/01\/fluffysoft-web-logo.png","contentUrl":"https:\/\/www.fluffysoft.at\/wp-content\/uploads\/2020\/01\/fluffysoft-web-logo.png","width":235,"height":90,"caption":"fluffysoft"},"image":{"@id":"https:\/\/www.fluffysoft.at\/de\/#\/schema\/logo\/image\/"},"sameAs":["https:\/\/www.facebook.com\/","https:\/\/www.linkedin.com\/company\/fluffysoft\/"]}]}},"_links":{"self":[{"href":"https:\/\/www.fluffysoft.at\/de\/wp-json\/wp\/v2\/pages\/33","targetHints":{"allow":["GET"]}}],"collection":[{"href":"https:\/\/www.fluffysoft.at\/de\/wp-json\/wp\/v2\/pages"}],"about":[{"href":"https:\/\/www.fluffysoft.at\/de\/wp-json\/wp\/v2\/types\/page"}],"author":[{"embeddable":true,"href":"https:\/\/www.fluffysoft.at\/de\/wp-json\/wp\/v2\/users\/1"}],"replies":[{"embeddable":true,"href":"https:\/\/www.fluffysoft.at\/de\/wp-json\/wp\/v2\/comments?post=33"}],"version-history":[{"count":45,"href":"https:\/\/www.fluffysoft.at\/de\/wp-json\/wp\/v2\/pages\/33\/revisions"}],"predecessor-version":[{"id":674,"href":"https:\/\/www.fluffysoft.at\/de\/wp-json\/wp\/v2\/pages\/33\/revisions\/674"}],"wp:featuredmedia":[{"embeddable":true,"href":"https:\/\/www.fluffysoft.at\/de\/wp-json\/wp\/v2\/media\/71"}],"wp:attachment":[{"href":"https:\/\/www.fluffysoft.at\/de\/wp-json\/wp\/v2\/media?parent=33"}],"curies":[{"name":"wp","href":"https:\/\/api.w.org\/{rel}","templated":true}]}}